{"id":1289,"date":"2017-02-15T14:19:20","date_gmt":"2017-02-15T13:19:20","guid":{"rendered":"http:\/\/kk.kosmider.hostingasp.pl\/biographical-note\/"},"modified":"2026-04-13T12:19:14","modified_gmt":"2026-04-13T10:19:14","slug":"biographical-note","status":"publish","type":"page","link":"https:\/\/katarzynakarpowicz.pl\/en\/biographical-note\/","title":{"rendered":"Biographical Note"},"content":{"rendered":"<p>Born 1985 in Krakow. Painter, graduate of the Academy of Fine Arts in Krakow. She studied with Professors Grzegorz Bednarski and Leszek Misiak, graduating with distinction in 2010. In 2014\u20132019, she was consistently ranked in the top 10 of the Young Art Compass, ranking second in 2017 and 2018. Her works can be found in the collection of the Museum of Contemporary Art in Gda\u0144sk, the Polin Museum in Warsaw, in City Art Gallery collection in \u0141\u00f3d\u017a and in many other collections at home and abroad.<\/p>\n<p>&nbsp;<\/p>\n<p><strong>Individual Exhibitions:<\/strong><\/p>\n<p>&nbsp;<\/p>\n<ul>\n<li>2026, March \u2013 Pure Hearted Femme Fatale, galeriaart.pl, Warsaw<\/li>\n<li>2025, May \u2013 Blue Dream, Artemis Art Gallery, Krak\u00f3w<\/li>\n<li>2024, December \u2014 Once You Live, Once You Don\u2019t, Villa Kindermann Gallery, City Art Gallery, \u0141\u00f3d\u017a<\/li>\n<li>2024, May \u2013 Rose Garland, Artemis Gallery, Krak\u00f3w<\/li>\n<li>2024, March \u2014 Cuentacuentos, galeriaart.pl, Warsaw<\/li>\n<li>2023, July \u2014 NonExistence, BWA Gallery, Zamo\u015b\u0107<\/li>\n<li>2022, December \u2014 Eclipses, P\u0142ock Art Gallery, P\u0142ock<\/li>\n<li>2022, February \u2014 Maurin, galeriaart.pl, Warsaw<\/li>\n<li>2021, June \u2014 Moment, Wirydarz Gallery, Lublin<\/li>\n<li>2021, September \u2014 No Words Needed, Triada Gallery, Gda\u0144sk<\/li>\n<li>2020, August \u2014 Silvery, galeriaart.pl, Warsaw<\/li>\n<li>2019, October \u2014 A Little Big Life, Platon Gallery, Wroc\u0142aw<\/li>\n<li>2018, December \u2014 Blue Glass, Art Gallery, Warsaw<\/li>\n<li>2018, April \u2014 Theatre of the Everyday, Raven Gallery, Krakow<\/li>\n<li>2017, October \u2014 Goodbye, Until Tomorrow, Triada Gallery, Gda\u0144sk<\/li>\n<li>2017, April \u2014 Human Stories, Promocyjna Gallery, Warsaw<\/li>\n<li>2016, April \u2014 Genius Loci, Artemis Art Gallery, Krakow<\/li>\n<li>2015, October \u2014 Harold and Ernest, St. Bartholomew\u2019s Church, Lower Basildon, UK<\/li>\n<li>2014, November \u2014 Life of a Painting, Sz\u00e9p M\u0171hely Gal\u00e9ria, Budapest, Hungary<\/li>\n<li>2014, March \u2014 On the Road, Platon Art Gallery,<\/li>\n<li>2013, April \u2014 Man and Beast, Mazowieckie Centre for Culture and Art, Elektor Gallery, Warsaw<\/li>\n<li>2012, August \u2014 Horizon Line, Od Do Gallery, Gdynia<\/li>\n<li>2012, January \u2014 Between Light and Shadow, Jagiellonian University Museum of Pharmacy, Krak\u00f3w<\/li>\n<li>2011, December \u2014 I Dreamt, Art Gallery, Warsaw<\/li>\n<li>2011, May \u2014 Transformations, BWA Gallery, Zamo\u015b\u0107<\/li>\n<li>2011, May \u2014 Let\u2019s Go to Sleep, Art Gallery, Museum Night, Warsaw<\/li>\n<li>2011, January \u2014 Encounters, Galeria 2 \u015awiaty, Krakow<\/li>\n<\/ul>\n<p>&nbsp;<\/p>\n<p><strong>Selected group exhibitions:<\/strong><\/p>\n<p>&nbsp;<\/p>\n<ul>\n<li>2024 \u2013 Image and Word, Art in the Capital of Language, Festival Capital of Polish Language, Szczebrzeszyn<\/li>\n<li>2022 \u2014 Destination Art, Boles\u0142aw Biegas Museum, Warsaw<\/li>\n<li>2022 \u2014 Decade, exhibition presenting the activity of graduates of the Krak\u00f3w Academy of Fine Arts, Open Eyes Art Festival, Ogi\u0144ski and Potulicki Palace, Krakow<\/li>\n<li>2022 \u2014 7 Stages in the Liife of a Woman, Villa Kindermann Gallery, City Art Gallery, \u0141\u00f3d\u017a<\/li>\n<li>2021 \u2014 Antigravitation, BWA Gallery, Tarn\u00f3w<\/li>\n<li>2020 \u2014 They_She, Platon Art Gallery, Wroc\u0142aw<\/li>\n<li>2020 \u2014 Intimacy, exhibition by Katarzyna Karpowicz and Katarzyna Kuku\u0142a, Raven Gallery, Krak\u00f3w<\/li>\n<li>2019 \u2014 Young Polish Painting, National Museum in Gda\u0144sk, Division of Contemporary Art Branch<\/li>\n<li>2019 \u2014 Art Now, pre-auction exhibition, National Museum in Krak\u00f3w<\/li>\n<li>2018 \u2014 XIV aniversario, Galer\u00eda de Arte Montsequi, Madrid, Spain<\/li>\n<li>2018 \u2014 The Karpowicz Family, exhibition of the Karpowicz family as a part of the Capital of Polish Language festival, Szczebrzeszyn<\/li>\n<li>2018 \u2014 Realism, Two Views, Bureau of Art Exhibitions, BWA Gallery, Bydgoszcz<\/li>\n<li>2017 \u2014 Leszek Misiak and Students, Centrum Gallery, Nowa Huta Cultural Centre, Academy of Fine Arts, ASP Gallery, Krakow<\/li>\n<li>2017 \u2014 Configurations, Krakow Artistic Encounters, Bunkier Sztuki, Krak\u00f3w<\/li>\n<li>2017 \u2014 Small Format, exhibition of the Association of Polish Artists and Designers ZPAP Krakow Brunch, Raven Gallery, Krakow<\/li>\n<li>2016 \u2014 Espacios, ciudades, arquitecturas, gente&#8230;, Galer\u00eda de Arte Montsequi, Madrid, Spain<\/li>\n<li>2016 \u2014 8 Women, Konduktorownia Gallery, Regional Society for the Promotion of the Fine Arts, Cz\u0119stochowa<\/li>\n<li>2015 \u2014 Abstraction, Figuration, Contemporary Krakow Painting, MANK Gal\u00e9ria, Szentendre, Hungary<\/li>\n<li>2015 \u2014 Association of Polish Artists and Designers ZPAP Krak\u00f3w Branch Painting and Sculpture Salon, Centrum Gallery, Nowa Huta Cultural Centre, Krak\u00f3w<\/li>\n<li>2015 \u2014 Exercises, Plat\u00e1n Gal\u00e9ria, Polish Institute, Budapest, Hungary<\/li>\n<li>2014 \u2014 4 x Karpowicz, exhibition of Katarzyna, Joanna, S\u0142awomir Karpowicz and Anna Karpowicz-Westner, Raven Gallery, Krakow<\/li>\n<li>2013 \u2014 Zakynthos 2013, post-open air event exhibition, Stalowa Gallery, Warsaw<\/li>\n<li>2012 \u2014 Art Saves Lives, exhibition Katarzyna and Joanna Karpowicz, Foundation for the Promotion of Contemporary Art, Warsaw<\/li>\n<li>2011 \u2014 100th Birthday of the Association of Polish Artists and Designers ZPAP , Palace of Arts, Krakow<\/li>\n<li>2007 \u2014 Landschaft als suggestive Vision von Licht und Raum, City Hall, Steyr, Austria<\/li>\n<li>2007 \u2014 Vis-\u00e0-vis Wyspia\u0144ski, post-competition exhibition, Szafirowa Pracownia, Krak\u00f3w<\/li>\n<\/ul>\n<p>&nbsp;<\/p>\n<p><strong>P<\/strong><strong>rizes and awards:<\/strong><\/p>\n<p>&nbsp;<\/p>\n<ul>\n<li>2019 \u2014 Artistic stipend of the Maria Anna Siemi\u0144ska Grazella Foundation for distinguished young artists<\/li>\n<li>2019 \u2014 3nd place in the Young Art Compass<\/li>\n<li>2018 \u2014 2nd place in the Young Art Compass<\/li>\n<li>2017 \u2014 2nd place in the Young Art Compass<\/li>\n<li>2016 \u2014 4th place in the Young Art Compass<\/li>\n<li>2015 \u2014 8th place in the Young Art Compass<\/li>\n<li>2014 \u2014 9th place in the Young Art Compass<\/li>\n<li>2012 \u2014 13th place in the Young Art Compass<\/li>\n<li>2012 \u2014 Honorable mention at the Franciszka Eibisch Foundation painting competition, Warsaw<\/li>\n<li>2011 \u2014 Association of Polish Artists and Designers ZPAP Painters\u2019 Club President\u2019s Award for painting at Small Painting Formas exhibition, Krak\u00f3w<\/li>\n<li>2008 \u2014 Honorable mention for autobiographical comic strip in Gutek Film competition, Warsaw<\/li>\n<li>2005 \u2014 2st prize in painting at the National Biennial Human Landscape dedicated to J\u00f3zef Czapski, Krak\u00f3w<\/li>\n<li>2004 \u2014 1st prize for a painting in the national art competition Contemporary Europe \u2014 People and Places, Katowice<\/li>\n<li>2003 \u2014 1st prize for a set of works at the 10th National Painting Plein-air, Je\u017c\u00f3w<\/li>\n<\/ul>\n","protected":false},"excerpt":{"rendered":"<p>Born 1985 in Krakow. Painter, graduate of the Academy of Fine Arts in Krakow. She studied with Professors Grzegorz Bednarski and Leszek Misiak, graduating with distinction in 2010. In 2014\u20132019, she was consistently ranked in the top 10 of the Young Art Compass, ranking second in 2017 and 2018. Her works can be found in [&hellip;]<\/p>\n","protected":false},"author":1,"featured_media":0,"parent":0,"menu_order":0,"comment_status":"closed","ping_status":"closed","template":"","meta":{"_acf_changed":false,"footnotes":""},"class_list":["post-1289","page","type-page","status-publish","hentry"],"acf":[],"_links":{"self":[{"href":"https:\/\/katarzynakarpowicz.pl\/en\/wp-json\/wp\/v2\/pages\/1289","targetHints":{"allow":["GET"]}}],"collection":[{"href":"https:\/\/katarzynakarpowicz.pl\/en\/wp-json\/wp\/v2\/pages"}],"about":[{"href":"https:\/\/katarzynakarpowicz.pl\/en\/wp-json\/wp\/v2\/types\/page"}],"author":[{"embeddable":true,"href":"https:\/\/katarzynakarpowicz.pl\/en\/wp-json\/wp\/v2\/users\/1"}],"replies":[{"embeddable":true,"href":"https:\/\/katarzynakarpowicz.pl\/en\/wp-json\/wp\/v2\/comments?post=1289"}],"version-history":[{"count":22,"href":"https:\/\/katarzynakarpowicz.pl\/en\/wp-json\/wp\/v2\/pages\/1289\/revisions"}],"predecessor-version":[{"id":4366,"href":"https:\/\/katarzynakarpowicz.pl\/en\/wp-json\/wp\/v2\/pages\/1289\/revisions\/4366"}],"wp:attachment":[{"href":"https:\/\/katarzynakarpowicz.pl\/en\/wp-json\/wp\/v2\/media?parent=1289"}],"curies":[{"name":"wp","href":"https:\/\/api.w.org\/{rel}","templated":true}]}}